{"id":9134,"date":"2024-01-30T15:50:12","date_gmt":"2024-01-30T15:50:12","guid":{"rendered":""},"modified":"2024-07-25T12:06:54","modified_gmt":"2024-07-25T12:06:54","slug":"outdoor-cooling-unit-750w-93262x","status":"publish","type":"product","link":"https:\/\/lm-therm.de\/en\/products\/outdoor-cooling-unit-750w-93262x\/","title":{"rendered":"Outdoor cooling unit 750W"},"content":{"rendered":"<p>&#8211; stainless steel models comply to NEMA \/ UL Type 4X<BR>&#8211; adjustable electronic controller with display<BR>&#8211; condensate evaporation as a standard<BR>&#8211; Practically maintenance-free<\/p>\n","protected":false},"excerpt":{"rendered":"<p>Outdoor cooling unit 750W<\/p>\n","protected":false},"featured_media":9220,"template":"","meta":{"_acf_changed":false,"_gspb_post_css":""},"product_brand":[],"product_cat":[104],"product_tag":[56],"class_list":{"0":"post-9134","1":"product","2":"type-product","3":"status-publish","4":"has-post-thumbnail","6":"product_cat-cooling-unit-outdoor","8":"first","9":"instock","10":"featured","11":"taxable","12":"shipping-taxable","13":"purchasable","14":"product-type-variable"},"acf":{"erp_infotext":"- Ingress Protection: IP 56<BR>- with integrated heater 400W<BR>"},"yoast_head":"<!-- This site is optimized with the Yoast SEO Premium plugin v25.3 (Yoast SEO v26.9) - https:\/\/yoast.com\/product\/yoast-seo-premium-wordpress\/ -->\n<title>Outdoor Schaltschrankk\u00fchlger\u00e4t 750W<\/title>\n<meta name=\"description\" content=\"Schaltschrankklimatisierung - Kompressork\u00fchlger\u00e4te - Indoor und Outdoor K\u00fchlger\u00e4te - Schaltschrankk\u00fchlung -Schaltschrankk\u00fchlger\u00e4te - mit integrierter Heizung - mit Aluminiumfilter\" \/>\n<meta name=\"robots\" content=\"index, follow, max-snippet:-1, max-image-preview:large, max-video-preview:-1\" \/>\n<link rel=\"canonical\" href=\"https:\/\/lm-therm.de\/en\/products\/outdoor-cooling-unit-750w-93262x\/\" \/>\n<meta property=\"og:locale\" content=\"en_US\" \/>\n<meta property=\"og:type\" content=\"article\" \/>\n<meta property=\"og:title\" content=\"Outdoor cooling unit 750W\" \/>\n<meta property=\"og:description\" content=\"Schaltschrankklimatisierung - Kompressork\u00fchlger\u00e4te - Indoor und Outdoor K\u00fchlger\u00e4te - Schaltschrankk\u00fchlung -Schaltschrankk\u00fchlger\u00e4te - mit integrierter Heizung - mit Aluminiumfilter\" \/>\n<meta property=\"og:url\" content=\"https:\/\/lm-therm.de\/en\/products\/outdoor-cooling-unit-750w-93262x\/\" \/>\n<meta property=\"og:site_name\" content=\"Lm-therm Elektrotechnik AG\" \/>\n<meta property=\"article:modified_time\" content=\"2024-07-25T12:06:54+00:00\" \/>\n<meta property=\"og:image\" content=\"https:\/\/lm-therm.de\/wp-content\/uploads\/2024\/01\/compact_outdoor_schaltschrankkuehlgeraet_artikel_932609.jpg\" \/>\n\t<meta property=\"og:image:width\" content=\"900\" \/>\n\t<meta property=\"og:image:height\" content=\"600\" \/>\n\t<meta property=\"og:image:type\" content=\"image\/jpeg\" \/>\n<meta name=\"twitter:card\" content=\"summary_large_image\" \/>\n<script type=\"application\/ld+json\" class=\"yoast-schema-graph\">{\"@context\":\"https:\/\/schema.org\",\"@graph\":[{\"@type\":\"WebPage\",\"@id\":\"https:\/\/lm-therm.de\/en\/products\/outdoor-cooling-unit-750w-93262x\/\",\"url\":\"https:\/\/lm-therm.de\/en\/products\/outdoor-cooling-unit-750w-93262x\/\",\"name\":\"Outdoor Schaltschrankk\u00fchlger\u00e4t 750W\",\"isPartOf\":{\"@id\":\"https:\/\/lm-therm.de\/en\/#website\"},\"primaryImageOfPage\":{\"@id\":\"https:\/\/lm-therm.de\/en\/products\/outdoor-cooling-unit-750w-93262x\/#primaryimage\"},\"image\":{\"@id\":\"https:\/\/lm-therm.de\/en\/products\/outdoor-cooling-unit-750w-93262x\/#primaryimage\"},\"thumbnailUrl\":\"https:\/\/lm-therm.de\/wp-content\/uploads\/2024\/01\/compact_outdoor_schaltschrankkuehlgeraet_artikel_932609.jpg\",\"datePublished\":\"2024-01-30T15:50:12+00:00\",\"dateModified\":\"2024-07-25T12:06:54+00:00\",\"description\":\"Schaltschrankklimatisierung - Kompressork\u00fchlger\u00e4te - Indoor und Outdoor K\u00fchlger\u00e4te - Schaltschrankk\u00fchlung -Schaltschrankk\u00fchlger\u00e4te - mit integrierter Heizung - mit Aluminiumfilter\",\"breadcrumb\":{\"@id\":\"https:\/\/lm-therm.de\/en\/products\/outdoor-cooling-unit-750w-93262x\/#breadcrumb\"},\"inLanguage\":\"en-US\",\"potentialAction\":[{\"@type\":\"ReadAction\",\"target\":[\"https:\/\/lm-therm.de\/en\/products\/outdoor-cooling-unit-750w-93262x\/\"]}]},{\"@type\":\"ImageObject\",\"inLanguage\":\"en-US\",\"@id\":\"https:\/\/lm-therm.de\/en\/products\/outdoor-cooling-unit-750w-93262x\/#primaryimage\",\"url\":\"https:\/\/lm-therm.de\/wp-content\/uploads\/2024\/01\/compact_outdoor_schaltschrankkuehlgeraet_artikel_932609.jpg\",\"contentUrl\":\"https:\/\/lm-therm.de\/wp-content\/uploads\/2024\/01\/compact_outdoor_schaltschrankkuehlgeraet_artikel_932609.jpg\",\"width\":900,\"height\":600,\"caption\":\"Outdoor Schaltschrankk?hlger?t 400\/460V \/ 750W\"},{\"@type\":\"BreadcrumbList\",\"@id\":\"https:\/\/lm-therm.de\/en\/products\/outdoor-cooling-unit-750w-93262x\/#breadcrumb\",\"itemListElement\":[{\"@type\":\"ListItem\",\"position\":1,\"name\":\"\u00a0\",\"item\":\"https:\/\/lm-therm.de\/en\/\"},{\"@type\":\"ListItem\",\"position\":2,\"name\":\"Products\",\"item\":\"https:\/\/lm-therm.de\/en\/products\/\"},{\"@type\":\"ListItem\",\"position\":3,\"name\":\"Cooling units\",\"item\":\"https:\/\/lm-therm.de\/en\/category\/cooling-units\/\"},{\"@type\":\"ListItem\",\"position\":4,\"name\":\"Cooling unit outdoor\",\"item\":\"https:\/\/lm-therm.de\/en\/category\/cooling-units\/cooling-unit-outdoor\/\"},{\"@type\":\"ListItem\",\"position\":5,\"name\":\"Outdoor cooling unit 750W\"}]},{\"@type\":\"WebSite\",\"@id\":\"https:\/\/lm-therm.de\/en\/#website\",\"url\":\"https:\/\/lm-therm.de\/en\/\",\"name\":\"Lm-therm Elektrotechnik AG\",\"description\":\"\",\"potentialAction\":[{\"@type\":\"SearchAction\",\"target\":{\"@type\":\"EntryPoint\",\"urlTemplate\":\"https:\/\/lm-therm.de\/en\/?s={search_term_string}\"},\"query-input\":{\"@type\":\"PropertyValueSpecification\",\"valueRequired\":true,\"valueName\":\"search_term_string\"}}],\"inLanguage\":\"en-US\"}]}<\/script>\n<!-- \/ Yoast SEO Premium plugin. -->","yoast_head_json":{"title":"Outdoor Schaltschrankk\u00fchlger\u00e4t 750W","description":"Schaltschrankklimatisierung - Kompressork\u00fchlger\u00e4te - Indoor und Outdoor K\u00fchlger\u00e4te - Schaltschrankk\u00fchlung -Schaltschrankk\u00fchlger\u00e4te - mit integrierter Heizung - mit Aluminiumfilter","robots":{"index":"index","follow":"follow","max-snippet":"max-snippet:-1","max-image-preview":"max-image-preview:large","max-video-preview":"max-video-preview:-1"},"canonical":"https:\/\/lm-therm.de\/en\/products\/outdoor-cooling-unit-750w-93262x\/","og_locale":"en_US","og_type":"article","og_title":"Outdoor cooling unit 750W","og_description":"Schaltschrankklimatisierung - Kompressork\u00fchlger\u00e4te - Indoor und Outdoor K\u00fchlger\u00e4te - Schaltschrankk\u00fchlung -Schaltschrankk\u00fchlger\u00e4te - mit integrierter Heizung - mit Aluminiumfilter","og_url":"https:\/\/lm-therm.de\/en\/products\/outdoor-cooling-unit-750w-93262x\/","og_site_name":"Lm-therm Elektrotechnik AG","article_modified_time":"2024-07-25T12:06:54+00:00","og_image":[{"width":900,"height":600,"url":"https:\/\/lm-therm.de\/wp-content\/uploads\/2024\/01\/compact_outdoor_schaltschrankkuehlgeraet_artikel_932609.jpg","type":"image\/jpeg"}],"twitter_card":"summary_large_image","schema":{"@context":"https:\/\/schema.org","@graph":[{"@type":"WebPage","@id":"https:\/\/lm-therm.de\/en\/products\/outdoor-cooling-unit-750w-93262x\/","url":"https:\/\/lm-therm.de\/en\/products\/outdoor-cooling-unit-750w-93262x\/","name":"Outdoor Schaltschrankk\u00fchlger\u00e4t 750W","isPartOf":{"@id":"https:\/\/lm-therm.de\/en\/#website"},"primaryImageOfPage":{"@id":"https:\/\/lm-therm.de\/en\/products\/outdoor-cooling-unit-750w-93262x\/#primaryimage"},"image":{"@id":"https:\/\/lm-therm.de\/en\/products\/outdoor-cooling-unit-750w-93262x\/#primaryimage"},"thumbnailUrl":"https:\/\/lm-therm.de\/wp-content\/uploads\/2024\/01\/compact_outdoor_schaltschrankkuehlgeraet_artikel_932609.jpg","datePublished":"2024-01-30T15:50:12+00:00","dateModified":"2024-07-25T12:06:54+00:00","description":"Schaltschrankklimatisierung - Kompressork\u00fchlger\u00e4te - Indoor und Outdoor K\u00fchlger\u00e4te - Schaltschrankk\u00fchlung -Schaltschrankk\u00fchlger\u00e4te - mit integrierter Heizung - mit Aluminiumfilter","breadcrumb":{"@id":"https:\/\/lm-therm.de\/en\/products\/outdoor-cooling-unit-750w-93262x\/#breadcrumb"},"inLanguage":"en-US","potentialAction":[{"@type":"ReadAction","target":["https:\/\/lm-therm.de\/en\/products\/outdoor-cooling-unit-750w-93262x\/"]}]},{"@type":"ImageObject","inLanguage":"en-US","@id":"https:\/\/lm-therm.de\/en\/products\/outdoor-cooling-unit-750w-93262x\/#primaryimage","url":"https:\/\/lm-therm.de\/wp-content\/uploads\/2024\/01\/compact_outdoor_schaltschrankkuehlgeraet_artikel_932609.jpg","contentUrl":"https:\/\/lm-therm.de\/wp-content\/uploads\/2024\/01\/compact_outdoor_schaltschrankkuehlgeraet_artikel_932609.jpg","width":900,"height":600,"caption":"Outdoor Schaltschrankk?hlger?t 400\/460V \/ 750W"},{"@type":"BreadcrumbList","@id":"https:\/\/lm-therm.de\/en\/products\/outdoor-cooling-unit-750w-93262x\/#breadcrumb","itemListElement":[{"@type":"ListItem","position":1,"name":"\u00a0","item":"https:\/\/lm-therm.de\/en\/"},{"@type":"ListItem","position":2,"name":"Products","item":"https:\/\/lm-therm.de\/en\/products\/"},{"@type":"ListItem","position":3,"name":"Cooling units","item":"https:\/\/lm-therm.de\/en\/category\/cooling-units\/"},{"@type":"ListItem","position":4,"name":"Cooling unit outdoor","item":"https:\/\/lm-therm.de\/en\/category\/cooling-units\/cooling-unit-outdoor\/"},{"@type":"ListItem","position":5,"name":"Outdoor cooling unit 750W"}]},{"@type":"WebSite","@id":"https:\/\/lm-therm.de\/en\/#website","url":"https:\/\/lm-therm.de\/en\/","name":"Lm-therm Elektrotechnik AG","description":"","potentialAction":[{"@type":"SearchAction","target":{"@type":"EntryPoint","urlTemplate":"https:\/\/lm-therm.de\/en\/?s={search_term_string}"},"query-input":{"@type":"PropertyValueSpecification","valueRequired":true,"valueName":"search_term_string"}}],"inLanguage":"en-US"}]}},"_links":{"self":[{"href":"https:\/\/lm-therm.de\/en\/wp-json\/wp\/v2\/product\/9134","targetHints":{"allow":["GET"]}}],"collection":[{"href":"https:\/\/lm-therm.de\/en\/wp-json\/wp\/v2\/product"}],"about":[{"href":"https:\/\/lm-therm.de\/en\/wp-json\/wp\/v2\/types\/product"}],"wp:featuredmedia":[{"embeddable":true,"href":"https:\/\/lm-therm.de\/en\/wp-json\/wp\/v2\/media\/9220"}],"wp:attachment":[{"href":"https:\/\/lm-therm.de\/en\/wp-json\/wp\/v2\/media?parent=9134"}],"wp:term":[{"taxonomy":"product_brand","embeddable":true,"href":"https:\/\/lm-therm.de\/en\/wp-json\/wp\/v2\/product_brand?post=9134"},{"taxonomy":"product_cat","embeddable":true,"href":"https:\/\/lm-therm.de\/en\/wp-json\/wp\/v2\/product_cat?post=9134"},{"taxonomy":"product_tag","embeddable":true,"href":"https:\/\/lm-therm.de\/en\/wp-json\/wp\/v2\/product_tag?post=9134"}],"curies":[{"name":"wp","href":"https:\/\/api.w.org\/{rel}","templated":true}]}}